{"id":11,"date":"2020-01-07T13:21:50","date_gmt":"2020-01-07T12:21:50","guid":{"rendered":"https:\/\/korjan.edu.pl\/bip\/?page_id=11"},"modified":"2024-11-22T13:23:34","modified_gmt":"2024-11-22T12:23:34","slug":"biuletyn-informacji-publicznej","status":"publish","type":"page","link":"https:\/\/korjan.edu.pl\/bip\/","title":{"rendered":"Biuletyn Informacji Publicznej"},"content":{"rendered":"\n<h2 class=\"wp-block-heading\"><strong>Szko\u0142a Podstawowa nr 16 <\/strong><br><strong>w Rudzie \u015al\u0105skiej<\/strong><\/h2>\n\n\n\n<figure class=\"wp-block-table\"><table class=\"\"><tbody><tr><td><strong>Ulica<\/strong><\/td><td>Kuku\u0142cza 4<\/td><\/tr><tr><td><strong>Miejscowo\u015b\u0107<\/strong><\/td><td>Ruda \u015al\u0105ska<\/td><\/tr><tr><td><strong>Kod pocztowy<\/strong><\/td><td>41-710<\/td><\/tr><tr><td><strong>Telefon<\/strong><\/td><td>+48 32 242 34 37<\/td><\/tr><tr><td><strong>Fax<\/strong><\/td><td>+48 32 242 34 37<\/td><\/tr><tr><td><strong>E-mail<\/strong><\/td><td>sekretariat@korjan.edu.pl<\/td><\/tr><tr><td><strong>NIP<\/strong><\/td><td>641 22 23 824<\/td><\/tr><tr><td><strong>Dyrektor<\/strong><\/td><td>mgr Anna Sekta<\/td><\/tr><\/tbody><\/table><\/figure>\n\n\n\n<p>Podmiot prowadz\u0105cy plac\u00f3wk\u0119 mie\u015bci si\u0119 w\u00a0Urz\u0119dzie Miejskim w\u00a0Rudzie \u015alaskiej.<\/p>\n","protected":false},"excerpt":{"rendered":"<p>Szko\u0142a Podstawowa nr 16 w Rudzie \u015al\u0105skiej Ulica Kuku\u0142cza 4 Miejscowo\u015b\u0107 Ruda \u015al\u0105ska Kod pocztowy 41-710 Telefon +48 32 242 34 37 Fax +48 32 242 34 37 E-mail sekretariat@korjan.edu.pl NIP 641 22 23 824 Dyrektor mgr Anna Sekta Podmiot prowadz\u0105cy plac\u00f3wk\u0119 mie\u015bci si\u0119 w\u00a0Urz\u0119dzie Miejskim w\u00a0Rudzie \u015alaskiej.<\/p>\n","protected":false},"author":2,"featured_media":640,"parent":0,"menu_order":0,"comment_status":"closed","ping_status":"closed","template":"","meta":{"_lmt_disableupdate":"no","_lmt_disable":"","footnotes":""},"class_list":["post-11","page","type-page","status-publish","has-post-thumbnail","hentry"],"_links":{"self":[{"href":"https:\/\/korjan.edu.pl\/bip\/wp-json\/wp\/v2\/pages\/11","targetHints":{"allow":["GET"]}}],"collection":[{"href":"https:\/\/korjan.edu.pl\/bip\/wp-json\/wp\/v2\/pages"}],"about":[{"href":"https:\/\/korjan.edu.pl\/bip\/wp-json\/wp\/v2\/types\/page"}],"author":[{"embeddable":true,"href":"https:\/\/korjan.edu.pl\/bip\/wp-json\/wp\/v2\/users\/2"}],"replies":[{"embeddable":true,"href":"https:\/\/korjan.edu.pl\/bip\/wp-json\/wp\/v2\/comments?post=11"}],"version-history":[{"count":6,"href":"https:\/\/korjan.edu.pl\/bip\/wp-json\/wp\/v2\/pages\/11\/revisions"}],"predecessor-version":[{"id":69,"href":"https:\/\/korjan.edu.pl\/bip\/wp-json\/wp\/v2\/pages\/11\/revisions\/69"}],"wp:featuredmedia":[{"embeddable":true,"href":"https:\/\/korjan.edu.pl\/bip\/wp-json\/wp\/v2\/media\/640"}],"wp:attachment":[{"href":"https:\/\/korjan.edu.pl\/bip\/wp-json\/wp\/v2\/media?parent=11"}],"curies":[{"name":"wp","href":"https:\/\/api.w.org\/{rel}","templated":true}]}}