{"id":143,"date":"2020-10-13T10:12:19","date_gmt":"2020-10-13T08:12:19","guid":{"rendered":"https:\/\/korjan.edu.pl\/bip\/?page_id=143"},"modified":"2022-06-10T15:07:05","modified_gmt":"2022-06-10T13:07:05","slug":"zarzadzenia-2020","status":"publish","type":"page","link":"https:\/\/korjan.edu.pl\/bip\/zarzadzenia\/zarzadzenia-2020\/","title":{"rendered":"Zarz\u0105dzenia 2020"},"content":{"rendered":"\n<figure class=\"wp-block-table is-style-stripes\"><table><tbody><tr><td><strong>Zarz\u0105dzenie SP16.021.38.2020<\/strong><\/td><\/tr><tr><td>&#8211; w sprawie regulaminu zam\u00f3wie\u0144 poni\u017cej 130 000 E [<strong><a href=\"https:\/\/korjan.edu.pl\/bip\/wp-content\/uploads\/2022\/06\/Zarzadzenie-SP16.021.38.2020-w-sprawie-regulaminu-zamowien-ponizej-130-000-E.pdf\" target=\"_blank\" rel=\"noreferrer noopener\">PDF<\/a><\/strong>]<\/td><\/tr><tr><td><strong>Zarz\u0105dzenie SP16.021.37.2020<\/strong><\/td><\/tr><tr><td>&#8211; w sprawie regulaminu procedyry udzielania zam\u00f3wie\u0144 publicznych [<strong><a href=\"https:\/\/korjan.edu.pl\/bip\/wp-content\/uploads\/2022\/06\/Zarzadzenie-SP16.021.37.2020-w-sprawie-regulaminu-procedyry-udzielania-zamowien-publicznych.pdf\" target=\"_blank\" rel=\"noreferrer noopener\">PDF<\/a><\/strong>]<\/td><\/tr><tr><td><strong>Zarz\u0105dzenie SP16.021.36.2020<\/strong><\/td><\/tr><tr><td>&#8211; w sprawie powo\u0142ania komisji przetargowej [<strong><a href=\"https:\/\/korjan.edu.pl\/bip\/wp-content\/uploads\/2022\/06\/Zarzadzenie-SP16.021.36.2020-w-sprawie-powolania-komisji-przetargowej.pdf\" target=\"_blank\" rel=\"noreferrer noopener\">PDF<\/a><\/strong>]<\/td><\/tr><tr><td><strong>Zarz\u0105dzenie SP16.021.35.2020<\/strong><\/td><\/tr><tr><td>&#8211; w sprawie ustalenia Regulaminu wynagradzania pracownik\u00f3w [<strong><a href=\"https:\/\/korjan.edu.pl\/bip\/wp-content\/uploads\/2022\/06\/Zarzadzenie-SP16.021.35.2020-w-sprawie-ustalenia-Regulaminu-wynagradzania-pracownikow.pdf\" target=\"_blank\" rel=\"noreferrer noopener\">PDF<\/a><\/strong>]<\/td><\/tr><tr><td><strong>Zarz\u0105dzenie SP16.021.34.2020<\/strong><\/td><\/tr><tr><td>&#8211; w sprawie powo\u0142ania zespo\u0142u zadaniowego ds. wdro\u017cenia PPK [<strong><a href=\"https:\/\/korjan.edu.pl\/bip\/wp-content\/uploads\/2022\/06\/Zarzadzenie-SP16.021.34.2020-w-sprawie-powolania-zespolu-zadaniowego-ds.-wdrozenia-PPK.pdf\" target=\"_blank\" rel=\"noreferrer noopener\">PDF<\/a><\/strong>]<\/td><\/tr><tr><td><strong>Zarz\u0105dzenie SP16.021.34a.2020<\/strong><\/td><\/tr><tr><td>&#8211; w sprawie ustalenia dnia wolnego [<strong><a href=\"https:\/\/korjan.edu.pl\/bip\/wp-content\/uploads\/2022\/06\/Zarzadzenie-SP16.021.34a.2020-w-sprawie-ustalenia-dnia-wolnego.pdf\" target=\"_blank\" rel=\"noreferrer noopener\">PDF<\/a><\/strong>]<\/td><\/tr><tr><td><strong>Zarz\u0105dzenie SP16.021.33.2020<\/strong><\/td><\/tr><tr><td>&#8211; w sprawie przyznania \u015bwiadczenia pieni\u0119\u017cnego [<strong><a href=\"https:\/\/korjan.edu.pl\/bip\/wp-content\/uploads\/2022\/06\/Zarzadzenie-SP16.021.33.2020-w-sprawie-przyznania-swiadczenia-pienieznego.pdf\" target=\"_blank\" rel=\"noreferrer noopener\">PDF<\/a><\/strong>]<\/td><\/tr><tr><td><strong>Zarz\u0105dzenie SP16.021.32.2020<\/strong><\/td><\/tr><tr><td>&#8211; w sprawie Regulaminu pracy zdalnej [<a rel=\"noreferrer noopener\" href=\"https:\/\/korjan.edu.pl\/bip\/wp-content\/uploads\/2020\/11\/Zarzadzenie-SP16.021.32.2020-w-sprawie-Regulaminu-pracy-zdalnej.pdf\" target=\"_blank\"><strong>PDF<\/strong><\/a>]<\/td><\/tr><tr><td><strong>Zarz\u0105dzenie SP16.021.31.2020<\/strong><\/td><\/tr><tr><td> &#8211; ws. sposobu i trybu realizacji zada\u0144 szko\u0142y [<a rel=\"noreferrer noopener\" href=\"https:\/\/korjan.edu.pl\/bip\/wp-content\/uploads\/2020\/11\/Zarzadzenie-SP16.021.31.2020-ws.-sposobu-i-trybu-realizacji-zadan-szkoly.pdf\" target=\"_blank\"><strong>PDF<\/strong><\/a>]<\/td><\/tr><tr><td><strong>Zarz\u0105dzenie SP16.021.30.2020<\/strong><\/td><\/tr><tr><td>&#8211; ws. powo\u0142ania zespo\u0142\u00f3w przedmiotowych nauczycieli [<strong><a href=\"https:\/\/korjan.edu.pl\/bip\/wp-content\/uploads\/2022\/06\/Zarzadzenie-SP16.021.30.2020-ws.-powolania-zespolow-przedmiotowych-nauczycieli.pdf\" target=\"_blank\" rel=\"noreferrer noopener\">PDF<\/a><\/strong>]<\/td><\/tr><tr><td><strong>Zarz\u0105dzenie SP16.021.29.2020<\/strong> <\/td><\/tr><tr><td>&#8211; zmiana procedur bezpiecze\u0144stwa w okresie pandemii COVID-19 [<strong><a rel=\"noreferrer noopener\" href=\"https:\/\/korjan.edu.pl\/bip\/wp-content\/uploads\/2022\/06\/Zarzadzenie-SP16.021.29.2020-zmiana-procedur-bezpieczenstwa-w-okresie-pandemii-COVID-19.pdf\" target=\"_blank\">PDF<\/a><\/strong>]<\/td><\/tr><tr><td><strong>Zarz\u0105dzenie SP16.021.28.2020<\/strong> <\/td><\/tr><tr><td>&#8211; zmiana procedur bezpiecze\u0144stwa w okresie pandemii COVID-19 [<strong><a rel=\"noreferrer noopener\" href=\"https:\/\/korjan.edu.pl\/bip\/wp-content\/uploads\/2020\/10\/Zarzadzenie-SP16.021.28.2020-zmiana-procedur-bezpieczenstwa-w-okresie-pandemii-COVID-19.pdf\" target=\"_blank\">PDF<\/a><\/strong>]<\/td><\/tr><tr><td><strong>Zarz\u0105dzenie SP16.021.27.2020<\/strong> <\/td><\/tr><tr><td>&#8211; ws. zawieszenia zaj\u0119\u0107 [<strong><a rel=\"noreferrer noopener\" href=\"https:\/\/korjan.edu.pl\/bip\/wp-content\/uploads\/2020\/10\/Zarzadzenie-SP16.021.27.2020-w-sprawie-zawieszenia-zajec.pdf\" target=\"_blank\">PDF<\/a><\/strong>]<\/td><\/tr><tr><td><strong>Zarz\u0105dzenie SP16.021.25.2020<\/strong><\/td><\/tr><tr><td>&#8211; ws. ustalenia sposobu monitorowania post\u0119p\u00f3w uczni\u00f3w [<strong><a rel=\"noreferrer noopener\" href=\"https:\/\/korjan.edu.pl\/bip\/wp-content\/uploads\/2022\/06\/Zarzadzenie-SP16.021.25.2020-ws.-ustalenia-sposobu-monitorowania-postepow-uczniow.pdf\" target=\"_blank\">PDF<\/a><\/strong>]<\/td><\/tr><tr><td><strong>Zarz\u0105dzenie SP16.021.24.2020<\/strong> <\/td><\/tr><tr><td>&#8211; ws. zapewnienia ka\u017cdemu uczniowi lub rodzicom mo\u017cliwo\u015bci konsultacji [<strong><a rel=\"noreferrer noopener\" href=\"https:\/\/korjan.edu.pl\/bip\/wp-content\/uploads\/2020\/10\/Zarzadzenie-SP16.021.24.2020-ws.-zapewnienia-kazdemu-uczniowi-lub-rodzicom-mozliwosci-konsultacji.pdf\" target=\"_blank\">PDF<\/a><\/strong>]<\/td><\/tr><tr><td><strong>Zarz\u0105dzenie SP16.021.23.2020<\/strong> <\/td><\/tr><tr><td>&#8211; ws. ustalenia TIK wykorzystywanych do realizacji zaj\u0119\u0107 [<strong><a rel=\"noreferrer noopener\" href=\"https:\/\/korjan.edu.pl\/bip\/wp-content\/uploads\/2020\/10\/Zarzadzenie-SP16.021.23.2020-ws.-ustalenia-TIK-wykorzystywanych-do-realizacji-zajec.pdf\" target=\"_blank\">PDF<\/a><\/strong>]<\/td><\/tr><tr><td><strong>Zarz\u0105dzenie SP16.021.22.2020<\/strong> <\/td><\/tr><tr><td>&#8211; ws. wprowadzenia edukacji zdalnej [<strong><a rel=\"noreferrer noopener\" href=\"https:\/\/korjan.edu.pl\/bip\/wp-content\/uploads\/2020\/10\/Zarzadzenie-SP16.021.22.2020-w-sprawie-wprowadzenia-edukacji-zdalnej.pdf\" target=\"_blank\">PDF<\/a><\/strong>]<\/td><\/tr><tr><td><strong>Zarz\u0105dzenie SP16.021.21.2020<\/strong> <\/td><\/tr><tr><td>&#8211; okre\u015blenie zasad bezpiecznego uczestnictwa w zaj\u0119ciach (TIK) [<strong><a rel=\"noreferrer noopener\" href=\"https:\/\/korjan.edu.pl\/bip\/wp-content\/uploads\/2020\/10\/Zarzadzenie-SP16.021.21.2020-okreslenie-zasad-bezpiecznego-uczestnictwa-w-zajeciach-w-odniesieniu-do-TIK.pdf\" target=\"_blank\">PDF<\/a><\/strong>]<\/td><\/tr><tr><td><strong>Zarz\u0105dzenie SP16.021.20.2020<\/strong> <\/td><\/tr><tr><td>&#8211; w sprawie zawieszenia zaj\u0119\u0107 [<strong><a rel=\"noreferrer noopener\" href=\"https:\/\/korjan.edu.pl\/bip\/wp-content\/uploads\/2020\/10\/Zarzadzenie-SP16.021.20.2020-w-sprawie-zawieszenia-zajec.pdf\" target=\"_blank\">PDF<\/a><\/strong>]<\/td><\/tr><tr><td><strong>Zarz\u0105dzenie SP16.021.19.2020<\/strong> <\/td><\/tr><tr><td>&#8211; w sprawie zawieszenia zaj\u0119\u0107 [<strong><a rel=\"noreferrer noopener\" href=\"https:\/\/korjan.edu.pl\/bip\/wp-content\/uploads\/2020\/10\/Zarzadzenie-SP16.021.19.2020-w-sprawie-zawieszenia-zajec.pdf\" target=\"_blank\">PDF<\/a><\/strong>]<\/td><\/tr><tr><td><strong>Zarz\u0105dzenie SP16.021.18.2020<\/strong> <\/td><\/tr><tr><td>&#8211; w sprawie dodatkowych dni wolnych [<strong><a rel=\"noreferrer noopener\" href=\"https:\/\/korjan.edu.pl\/bip\/wp-content\/uploads\/2020\/10\/Zarzadzenie-SP16.021.18.2020-w-sprawie-dodatkowych-dni-wolnych.pdf\" target=\"_blank\">PDF<\/a><\/strong>]<\/td><\/tr><tr><td><strong>Zarz\u0105dzenie SP16.021.17.2020<\/strong> <\/td><\/tr><tr><td>&#8211; zmieniaj\u0105ce zarz\u0105dzenie ws. ustalenia Regulaminu Pracy [<strong><a rel=\"noreferrer noopener\" href=\"https:\/\/korjan.edu.pl\/bip\/wp-content\/uploads\/2020\/10\/Zarzadzenie-SP16.021.17.2020-zmieniajace-zarzadzenie-ws.-ustalenia-Regulaminu-Pracy.pdf\" target=\"_blank\">PDF<\/a><\/strong>]<\/td><\/tr><tr><td><strong>Zarz\u0105dzenie SP16.021.16.2020<\/strong> <\/td><\/tr><tr><td>&#8211; ws. ustalenia Regulaminu biblioteki szkolnej [<strong><a rel=\"noreferrer noopener\" href=\"https:\/\/korjan.edu.pl\/bip\/wp-content\/uploads\/2020\/10\/Zarzadzenie-SP16.021.16.2020-ws.-ustalenia-Regulaminu-biblioteki-szkolnej.pdf\" target=\"_blank\">PDF<\/a><\/strong>]<\/td><\/tr><tr><td><strong>Zarz\u0105dzenie SP16.021.15.2020<\/strong> <\/td><\/tr><tr><td>&#8211; ws. ustalenia Regulaminu \u015bwietlicy szkolnej [<strong><a rel=\"noreferrer noopener\" href=\"https:\/\/korjan.edu.pl\/bip\/wp-content\/uploads\/2020\/10\/Zarzadzenie-SP16.021.15.2020-ws.-ustalenia-Regulaminu-swietlicy-szkolnej.pdf\" target=\"_blank\">PDF<\/a><\/strong>]<\/td><\/tr><tr><td><strong>Zarz\u0105dzenie SP16.021.14.2020<\/strong> <\/td><\/tr><tr><td>&#8211; ws. wdro\u017cenia procedury bezpiecze\u0144stwa w okresie pandemii COVID-19 [<strong><a rel=\"noreferrer noopener\" href=\"https:\/\/korjan.edu.pl\/bip\/wp-content\/uploads\/2020\/10\/Zarzadzenie-SP16.021.14.2020-ws.-wdrozenia-procedury-bezpieczenstwa-w-okresie-pandemii-COVID-19.pdf\" target=\"_blank\">PDF<\/a><\/strong>]<\/td><\/tr><tr><td><strong>Zarz\u0105dzenie SP16.021.13.2020<\/strong> <\/td><\/tr><tr><td>&#8211; ws. ustalenia Regulaminu sto\u0142\u00f3wki szkolnej [<strong><a rel=\"noreferrer noopener\" href=\"https:\/\/korjan.edu.pl\/bip\/wp-content\/uploads\/2020\/10\/Zarzadzenie-SP16.021.13.2020-ws.-ustalenia-Regulaminu-stolowki-szkolnej.pdf\" target=\"_blank\">PDF<\/a><\/strong>]<\/td><\/tr><tr><td><strong>Zarz\u0105dzenie SP16.021.12.2020<\/strong> <\/td><\/tr><tr><td>&#8211; ws. powo\u0142ania komisji kwalifikacyjnej [<strong><a rel=\"noreferrer noopener\" href=\"https:\/\/korjan.edu.pl\/bip\/wp-content\/uploads\/2020\/10\/Zarzadzenie-SP16.021.12.2020-ws.-powolania-komisji-kwalifikacyjnej.pdf\" target=\"_blank\">PDF<\/a><\/strong>]<\/td><\/tr><tr><td><strong>Zarz\u0105dzenie SP16.021.11.2020<\/strong> <\/td><\/tr><tr><td>&#8211; ws. powo\u0142ania komisji kwalifikacyjnej [<strong><a rel=\"noreferrer noopener\" href=\"https:\/\/korjan.edu.pl\/bip\/wp-content\/uploads\/2020\/10\/Zarzadzenie-SP16.021.11.2020-ws.-powolania-komisji-kwalifikacyjnej.pdf\" target=\"_blank\">PDF<\/a><\/strong>]<\/td><\/tr><tr><td><strong>Zarz\u0105dzenie SP16.021.10.2020<\/strong> <\/td><\/tr><tr><td>&#8211; ws. powo\u0142ania komisji kwalifikacyjnej [<strong><a rel=\"noreferrer noopener\" href=\"https:\/\/korjan.edu.pl\/bip\/wp-content\/uploads\/2020\/10\/Zarzadzenie-SP16.021.10.2020-ws.-powolania-komisji-kwalifikacyjnej.pdf\" target=\"_blank\">PDF<\/a><\/strong>]<\/td><\/tr><tr><td><strong>Zarz\u0105dzenie SP16.021.09.2020<\/strong> <\/td><\/tr><tr><td>&#8211; ws. wdro\u017cenia wewn\u0119trznej procedury bezpiecze\u0144stwa COVID-19 [<strong><a rel=\"noreferrer noopener\" href=\"https:\/\/korjan.edu.pl\/bip\/wp-content\/uploads\/2020\/10\/Zarzadzenie-SP16.021.09.2020-ws.-wdrozenia-wewnetrznej-procedury-bezpieczenstwa-dotyczacej-COVID-19.pdf\" target=\"_blank\">PDF<\/a><\/strong>]<\/td><\/tr><tr><td><strong>Zarz\u0105dzenie SP16.021.08.2020<\/strong> <\/td><\/tr><tr><td>&#8211; ws. wdro\u017cenia wewn\u0119trznej procedury bezpiecze\u0144stwa COVID-19 [<strong><a rel=\"noreferrer noopener\" href=\"https:\/\/korjan.edu.pl\/bip\/wp-content\/uploads\/2020\/10\/Zarzadzenie-SP16.021.08.2020-ws.-wdrozenia-wewnetrznej-procedury-bezpieczenstwa-dotyczacej-COVID-19.pdf\" target=\"_blank\">PDF<\/a><\/strong>]<\/td><\/tr><tr><td><strong>Zarz\u0105dzenie SP16.021.07.2020<\/strong> <\/td><\/tr><tr><td>&#8211; ws. wdro\u017cenia wewn\u0119trznej procedury bezpiecze\u0144stwa COVID-19 [<strong><a rel=\"noreferrer noopener\" href=\"https:\/\/korjan.edu.pl\/bip\/wp-content\/uploads\/2020\/10\/Zarzadzenie-SP16.021.07.2020-ws.-wdrozenia-wewnetrznej-procedury-bezpieczenstwa-dotyczacej-COVID-19.pdf\" target=\"_blank\">PDF<\/a><\/strong>]<\/td><\/tr><tr><td><strong>Zarz\u0105dzenie SP16.021.06.2020<\/strong> <\/td><\/tr><tr><td>&#8211; ws. ustalenia sposobu potwierdzania uczestnictwa uczni\u00f3w w zaj\u0119ciach [<strong><a rel=\"noreferrer noopener\" href=\"https:\/\/korjan.edu.pl\/bip\/wp-content\/uploads\/2020\/10\/Zarzadzenie-SP16.021.06.2020-ws.-ustalenia-sposobu-potwierdzania-uczestnictwa-uczniow-w-zajeciach.pdf\" target=\"_blank\">PDF<\/a><\/strong>]<\/td><\/tr><tr><td><strong>Zarz\u0105dzenie SP16.021.01.05.2020<\/strong> <\/td><\/tr><tr><td>\u2013 ws. wdro\u017cenia procedury organizacji pracy w&nbsp;czasie trwania pandemii COVID-19 [<a rel=\"noreferrer noopener\" href=\"https:\/\/korjan.edu.pl\/bip\/wp-content\/uploads\/2020\/05\/Zarz%C4%85dzenie-Nr-SP16.021.01.05.2020-W-sprawie-wdro%C5%BCenia-procedury-organizacji-pracy-w-czasie-trwania-pandemii-COVID-19.pdf\" target=\"_blank\"><strong>PDF<\/strong><\/a>]<\/td><\/tr><tr><td><strong>Zarz\u0105dzenie SP16.021.04.2020<\/strong> <\/td><\/tr><tr><td>&#8211; ws. realizacji zada\u0144 Szko\u0142y Podstawowej nr 16 w okresie czasowego ograniczenia jej funkcjonowania [<strong><a rel=\"noreferrer noopener\" href=\"https:\/\/korjan.edu.pl\/bip\/wp-content\/uploads\/2020\/10\/Zarzadzenie-SP16.021.04.2020-ws.-realizacji-zadan-SP16-w-okresie-czasowego-ograniczenia-jej-funkcjonowania.pdf\" target=\"_blank\">PDF<\/a><\/strong>]<\/td><\/tr><tr><td><strong>Zarz\u0105dzenie SP16.021.01.03.2020<\/strong> <\/td><\/tr><tr><td>\u2013 ws. okre\u015blenia zasad zaliczania do&nbsp;wymiaru godzin poszczeg\u00f3lnych zaj\u0119\u0107 realizowanych z&nbsp;wykorzystaniem metod i&nbsp;technik kszta\u0142cenia na&nbsp;odleg\u0142o\u015b\u0107 lub innego sposobu kszta\u0142cenia w&nbsp;zwi\u0105zku z&nbsp;dalszym zapobieganiem, przeciwdzia\u0142aniem zwalczaniem COVID-19 [<strong><a rel=\"noreferrer noopener\" href=\"https:\/\/korjan.edu.pl\/bip\/wp-content\/uploads\/2020\/04\/zarz%C4%85dzenie-organizacja-kszta%C5%82cenia-na-odleg%C5%82o%C5%9B%C4%87.pdf\" target=\"_blank\">PDF<\/a><\/strong>]<\/td><\/tr><tr><td><strong>Zarz\u0105dzenie SP16.021.01.02.2020<\/strong> <\/td><\/tr><tr><td>\u2013 ws.&nbsp;sposobu i&nbsp;trybu realizacji zada\u0144 Szko\u0142y Podstawowej nr&nbsp;16 im.&nbsp;Janusza Korczaka&nbsp;&nbsp;w&nbsp;okresie czasowego ograniczenia jej funkcjonowania&nbsp;w&nbsp;zwi\u0105zku z&nbsp;zapobieganiem, przeciwdzia\u0142aniem i&nbsp;zwalczaniem COVID-19 [<a rel=\"noreferrer noopener\" href=\"https:\/\/korjan.edu.pl\/bip\/wp-content\/uploads\/2020\/04\/zarz%C4%85dzenie-dot.-rganizacji-pracy-zdalnej.pdf\" target=\"_blank\"><strong>PDF<\/strong><\/a>]<\/td><\/tr><tr><td><strong>Zarz\u0105dzenie SP16.021.01.2020<\/strong> <\/td><\/tr><tr><td>&#8211; ws. powo\u0142ania komisji rekrutacyjnej [<a rel=\"noreferrer noopener\" href=\"https:\/\/korjan.edu.pl\/bip\/wp-content\/uploads\/2020\/10\/Zarzadzenie-SP16.021.01.2020-ws.-powolania-komisji-rekrutacyjnej.pdf\" target=\"_blank\"><strong>PDF<\/strong><\/a>]<\/td><\/tr><\/tbody><\/table><\/figure>\n\n\n\n<p><\/p>\n","protected":false},"excerpt":{"rendered":"<p>Zarz\u0105dzenie SP16.021.38.2020 &#8211; w sprawie regulaminu zam\u00f3wie\u0144 poni\u017cej 130 000 E [PDF] Zarz\u0105dzenie SP16.021.37.2020 &#8211; w sprawie regulaminu procedyry udzielania zam\u00f3wie\u0144 publicznych [PDF] Zarz\u0105dzenie SP16.021.36.2020 &#8211; w sprawie powo\u0142ania komisji przetargowej [PDF] Zarz\u0105dzenie SP16.021.35.2020 &#8211; w sprawie ustalenia Regulaminu wynagradzania pracownik\u00f3w [PDF] Zarz\u0105dzenie SP16.021.34.2020 &#8211; w sprawie powo\u0142ania zespo\u0142u zadaniowego ds. wdro\u017cenia PPK [PDF] Zarz\u0105dzenie &hellip; <a href=\"https:\/\/korjan.edu.pl\/bip\/zarzadzenia\/zarzadzenia-2020\/\" class=\"more-link\">Czytaj dalej <span class=\"screen-reader-text\">Zarz\u0105dzenia 2020<\/span><\/a><\/p>\n","protected":false},"author":2,"featured_media":0,"parent":27,"menu_order":0,"comment_status":"closed","ping_status":"closed","template":"","meta":{"_lmt_disableupdate":"no","_lmt_disable":"no","footnotes":""},"class_list":["post-143","page","type-page","status-publish","hentry"],"_links":{"self":[{"href":"https:\/\/korjan.edu.pl\/bip\/wp-json\/wp\/v2\/pages\/143","targetHints":{"allow":["GET"]}}],"collection":[{"href":"https:\/\/korjan.edu.pl\/bip\/wp-json\/wp\/v2\/pages"}],"about":[{"href":"https:\/\/korjan.edu.pl\/bip\/wp-json\/wp\/v2\/types\/page"}],"author":[{"embeddable":true,"href":"https:\/\/korjan.edu.pl\/bip\/wp-json\/wp\/v2\/users\/2"}],"replies":[{"embeddable":true,"href":"https:\/\/korjan.edu.pl\/bip\/wp-json\/wp\/v2\/comments?post=143"}],"version-history":[{"count":14,"href":"https:\/\/korjan.edu.pl\/bip\/wp-json\/wp\/v2\/pages\/143\/revisions"}],"predecessor-version":[{"id":405,"href":"https:\/\/korjan.edu.pl\/bip\/wp-json\/wp\/v2\/pages\/143\/revisions\/405"}],"up":[{"embeddable":true,"href":"https:\/\/korjan.edu.pl\/bip\/wp-json\/wp\/v2\/pages\/27"}],"wp:attachment":[{"href":"https:\/\/korjan.edu.pl\/bip\/wp-json\/wp\/v2\/media?parent=143"}],"curies":[{"name":"wp","href":"https:\/\/api.w.org\/{rel}","templated":true}]}}