{"id":29,"date":"2020-01-07T13:26:43","date_gmt":"2020-01-07T12:26:43","guid":{"rendered":"https:\/\/korjan.edu.pl\/bip\/?page_id=29"},"modified":"2024-01-15T14:24:01","modified_gmt":"2024-01-15T13:24:01","slug":"zamowienia-publiczne","status":"publish","type":"page","link":"https:\/\/korjan.edu.pl\/bip\/zamowienia-publiczne\/","title":{"rendered":"Zam\u00f3wienia publiczne"},"content":{"rendered":"\n<hr class=\"wp-block-separator has-text-color has-dark-brown-color has-css-opacity has-dark-brown-background-color has-background is-style-wide\"\/>\n\n\n\n<h3 class=\"wp-block-heading\">Plan post\u0119powa\u0144 o udzielenie zam\u00f3wie\u0144<\/h3>\n\n\n\n<p class=\"has-light-blue-color has-medium-pink-background-color has-text-color has-background\">Plan post\u0119powa\u0144 o udzielenie zam\u00f3wie\u0144 na 2024 rok [<strong><a href=\"https:\/\/korjan.edu.pl\/bip\/wp-content\/uploads\/2024\/01\/Plan_postepowan_o_udzielenie_zamowien_na_2024_rok.pdf\">PDF<\/a><\/strong>]<\/p>\n\n\n\n<hr class=\"wp-block-separator has-text-color has-dark-gray-color has-alpha-channel-opacity has-dark-gray-background-color has-background is-style-wide\"\/>\n\n\n\n<h3 class=\"wp-block-heading\">Og\u0142oszenie o zam\u00f3wieniu: Zakup wraz z dostaw\u0105 artyku\u0142\u00f3w \u017cywno\u015bciowych (produkt\u00f3w spo\u017cywczych) dla Szko\u0142y Podstawowej nr 16 im. Janusza Korczaka w Rudzie \u015al\u0105skiej<\/h3>\n\n\n\n<p class=\"has-light-blue-color has-medium-pink-background-color has-text-color has-background\">Og\u0142oszenie o zam\u00f3wieniu [<strong><a rel=\"noreferrer noopener\" href=\"https:\/\/korjan.edu.pl\/bip\/wp-content\/uploads\/2023\/11\/Ogloszenie-o-zamowieniu.pdf\" target=\"_blank\">PDF<\/a><\/strong>]<br>Specyfikacja warunk\u00f3w zam\u00f3wienia SWZ <strong>[<a rel=\"noreferrer noopener\" href=\"https:\/\/korjan.edu.pl\/bip\/wp-content\/uploads\/2023\/11\/SWZ.docx\" target=\"_blank\">docx<\/a>]<\/strong><br>Za\u0142\u0105cznik nr 1 <strong>[<a rel=\"noreferrer noopener\" href=\"https:\/\/korjan.edu.pl\/bip\/wp-content\/uploads\/2023\/11\/zalacznik-nr-1.doc\" target=\"_blank\">docx<\/a>]<\/strong><br>Za\u0142\u0105cznik nr 1A <strong>[<a rel=\"noreferrer noopener\" href=\"https:\/\/korjan.edu.pl\/bip\/wp-content\/uploads\/2023\/11\/Zalacznik-nr-1a.docx\" target=\"_blank\">docx<\/a>]<\/strong><br>Za\u0142\u0105cznik nr 2 <strong>[<a rel=\"noreferrer noopener\" href=\"https:\/\/korjan.edu.pl\/bip\/wp-content\/uploads\/2023\/11\/Zalacznik-nr-2.docx\" target=\"_blank\">docx<\/a>]<\/strong><br>Za\u0142\u0105cznik nr 3 <strong>[<a rel=\"noreferrer noopener\" href=\"https:\/\/korjan.edu.pl\/bip\/wp-content\/uploads\/2023\/11\/Zalacznik-nr-3.doc\" target=\"_blank\">docx<\/a>]<\/strong><br>Za\u0142\u0105cznik nr 4 <strong>[<a rel=\"noreferrer noopener\" href=\"https:\/\/korjan.edu.pl\/bip\/wp-content\/uploads\/2023\/11\/Zalacznik-nr-4.docx\" target=\"_blank\">docx<\/a>]<\/strong><br>Za\u0142\u0105cznik nr 5 <strong>[<a rel=\"noreferrer noopener\" href=\"https:\/\/korjan.edu.pl\/bip\/wp-content\/uploads\/2023\/11\/Zalacznik-nr-5.doc\" target=\"_blank\">docx<\/a>]<\/strong><br>Og\u0142oszenie o wyniku post\u0119powania [<a href=\"https:\/\/korjan.edu.pl\/bip\/wp-content\/uploads\/2023\/12\/Ogloszenie_o_wyniku_postepowania.pdf\"><strong>PDF<\/strong><\/a>]<\/p>\n\n\n\n<hr class=\"wp-block-separator has-text-color has-dark-gray-color has-alpha-channel-opacity has-dark-gray-background-color has-background is-style-wide\"\/>\n\n\n\n<h3 class=\"wp-block-heading\">Plan post\u0119powa\u0144 o udzielenie zam\u00f3wie\u0144<\/h3>\n\n\n\n<p class=\"has-light-blue-color has-medium-pink-background-color has-text-color has-background\">Plan post\u0119powa\u0144 o udzielenie zam\u00f3wie\u0144 na 2023 rok [<a href=\"https:\/\/korjan.edu.pl\/bip\/wp-content\/uploads\/2023\/01\/Plan-postepowan-o-udzielenie-zamowien.pdf\" target=\"_blank\" rel=\"noreferrer noopener\"><strong>PDF<\/strong><\/a>]<\/p>\n\n\n\n<hr class=\"wp-block-separator has-text-color has-dark-gray-color has-alpha-channel-opacity has-dark-gray-background-color has-background is-style-wide\"\/>\n\n\n\n<h3 class=\"wp-block-heading\">Zakupu energii cieplnej dla Szko\u0142y Podstawowej nr 16 w Rudzie \u015al\u0105skiej<\/h3>\n\n\n\n<p class=\"has-white-color has-medium-pink-background-color has-text-color has-background\">1. Zaproszenie do negocjacji [<strong><a rel=\"noreferrer noopener\" href=\"https:\/\/korjan.edu.pl\/bip\/wp-content\/uploads\/2022\/12\/Zaproszenie-do-negocjacji.pdf\" target=\"_blank\">PDF<\/a><\/strong>]<br>2. Opis przedmiotu zam\u00f3wienia [<strong><a rel=\"noreferrer noopener\" href=\"https:\/\/korjan.edu.pl\/bip\/wp-content\/uploads\/2022\/12\/iso-8859-1Opis-przedmiotu-zamwienia.pdf\" target=\"_blank\">PDF<\/a><\/strong>]<br>3. Niezb\u0119dne informacje zwi\u0105zane z post\u0119powaniem [<strong><a rel=\"noreferrer noopener\" href=\"https:\/\/korjan.edu.pl\/bip\/wp-content\/uploads\/2022\/12\/Niezbedne-informacje-zwiazane-z-postepowaniem.pdf\" target=\"_blank\">PDF<\/a><\/strong>]<br>4. O\u015bwiadczenie wykanawcy [<strong><a rel=\"noreferrer noopener\" href=\"https:\/\/korjan.edu.pl\/bip\/wp-content\/uploads\/2022\/12\/iso-8859-2Owiadczenie-wykanawcy.pdf\" target=\"_blank\">PDF<\/a><\/strong>]<br>5. Og\u0142oszenie o wyniku post\u0119powania  [<strong><a href=\"https:\/\/korjan.edu.pl\/bip\/wp-content\/uploads\/2022\/12\/08daddc2-4f7e-4820-3b43-790010114042.pdf\" target=\"_blank\" rel=\"noreferrer noopener\">PDF<\/a><\/strong>]<\/p>\n\n\n\n<hr class=\"wp-block-separator has-text-color has-dark-gray-color has-alpha-channel-opacity has-dark-gray-background-color has-background is-style-wide\"\/>\n\n\n\n<h3 class=\"wp-block-heading\"><strong><strong>Og\u0142oszenie<\/strong><\/strong> <\/h3>\n\n\n\n<p><strong>Identyfikator post\u0119powania: 1bb32952-ec87-48b6-a26f-692b3a175460<\/strong><\/p>\n\n\n\n<p>Zakup wraz z dostaw\u0105 artyku\u0142\u00f3w \u017cywno\u015bciowych (produkt\u00f3w spo\u017cywczych) dla Szko\u0142y Podstawowe nr 16 im. Janusza Korczaka w Rudzie \u015al\u0105skiej.<\/p>\n\n\n\n<p class=\"has-white-color has-medium-pink-background-color has-text-color has-background\"><strong>Za\u0142\u0105czniki:<\/strong><br>1. Og\u0142oszenie o zam\u00f3wieniu [<a rel=\"noreferrer noopener\" href=\"https:\/\/korjan.edu.pl\/bip\/wp-content\/uploads\/2022\/11\/Ogloszenie-o-zamowieniu.pdf\" target=\"_blank\">PDF<\/a>]<br>2. Formularz ofertowy [<strong><a rel=\"noreferrer noopener\" href=\"https:\/\/korjan.edu.pl\/bip\/wp-content\/uploads\/2022\/11\/Formularz-ofertowy-1.pdf\" target=\"_blank\">PDF<\/a><\/strong>]<br>3. Opis przedmiotu zam\u00f3wienia [<strong><a rel=\"noreferrer noopener\" href=\"https:\/\/korjan.edu.pl\/bip\/wp-content\/uploads\/2022\/11\/Opis-przedmiotu-zamowienia.pdf\" target=\"_blank\">PDF<\/a><\/strong>]<br>4. O\u015bwiadczenie podmiotu [<strong><a rel=\"noreferrer noopener\" href=\"https:\/\/korjan.edu.pl\/bip\/wp-content\/uploads\/2022\/11\/Oswiadczenie-podmiotu-1.pdf\" target=\"_blank\">PDF<\/a><\/strong>]<br>5. O\u015bwiadczenie wykonawcy [<strong><a rel=\"noreferrer noopener\" href=\"https:\/\/korjan.edu.pl\/bip\/wp-content\/uploads\/2022\/11\/Oswiadczenie-wykonawcy.pdf\" target=\"_blank\">PDF<\/a><\/strong>]<br>6. Projektowane postanowienia umowy [<strong><a rel=\"noreferrer noopener\" href=\"https:\/\/korjan.edu.pl\/bip\/wp-content\/uploads\/2022\/11\/Projektowane-postanowienia-umowy-1.pdf\" target=\"_blank\">PDF<\/a><\/strong>]<br>7. SWZ [<strong><a rel=\"noreferrer noopener\" href=\"https:\/\/korjan.edu.pl\/bip\/wp-content\/uploads\/2022\/11\/SWZ.pdf\" target=\"_blank\">PDF<\/a><\/strong>]<br>8. Szczeg\u00f3\u0142owy formularz ofertowy [<strong><a rel=\"noreferrer noopener\" href=\"https:\/\/korjan.edu.pl\/bip\/wp-content\/uploads\/2022\/11\/Szczegolowy-formularz-ofertowy-1.pdf\" target=\"_blank\">PDF<\/a><\/strong>]<br>9. Kwota dostawy [<a rel=\"noreferrer noopener\" href=\"https:\/\/korjan.edu.pl\/bip\/wp-content\/uploads\/2022\/12\/Kwota-dostawy.pdf\" target=\"_blank\"><strong>PDF<\/strong><\/a>]<br>10. Informacja z otwarcia ofert [<a rel=\"noreferrer noopener\" href=\"https:\/\/korjan.edu.pl\/bip\/wp-content\/uploads\/2022\/12\/Informacja-z-otwarcia-ofert.pdf\" target=\"_blank\"><strong>PDF<\/strong><\/a>]<br>11. Zawiadomienie o wyniku postpowania [<strong><a rel=\"noreferrer noopener\" href=\"https:\/\/korjan.edu.pl\/bip\/wp-content\/uploads\/2022\/12\/iso-8859-2Zawiadomienie-o-wyniku-postpowania-.pdf\" target=\"_blank\">PDF<\/a><\/strong>]<br>12. Og\u0142oszenie o wyniku post\u0119powania [<a href=\"https:\/\/korjan.edu.pl\/bip\/wp-content\/uploads\/2022\/12\/08daddc6-2270-5f29-3b43-7900101140ca.pdf\" target=\"_blank\" rel=\"noreferrer noopener\"><strong>PDF<\/strong><\/a>]<\/p>\n\n\n\n<hr class=\"wp-block-separator has-text-color has-dark-gray-color has-alpha-channel-opacity has-dark-gray-background-color has-background is-style-wide\"\/>\n\n\n\n<h3 class=\"wp-block-heading\">Program posi\u0142ek w szkole i w domu<\/h3>\n\n\n\n<p class=\"has-white-color has-medium-pink-background-color has-text-color has-background\">Zapytanie ofertowe program posilek w szkole i w domu [<a rel=\"noreferrer noopener\" href=\"https:\/\/korjan.edu.pl\/bip\/wp-content\/uploads\/2022\/08\/zapytanie-ofertowe-program-posilek-w-szkole-i-w-domu-1.docx.pdf\" target=\"_blank\">PDF<\/a>]<br>Wz\u00f3r umowy [<a rel=\"noreferrer noopener\" href=\"https:\/\/korjan.edu.pl\/bip\/wp-content\/uploads\/2022\/08\/Wzor-umowy.docx.pdf\" target=\"_blank\">PDF<\/a>]<br>Formularz ofertowy Posi\u0142ek wszkole i w domu- Za\u0142\u0105cznik 1 [<a rel=\"noreferrer noopener\" href=\"https:\/\/korjan.edu.pl\/bip\/wp-content\/uploads\/2022\/08\/Formularz-ofertowy-Posilek-wszkole-i-w-domu-Zalacznik-1.docx.pdf\" target=\"_blank\">PDF<\/a>]<br>Opis zam\u00f3wienia Za\u0142\u0105cznik 2 [<a rel=\"noreferrer noopener\" href=\"https:\/\/korjan.edu.pl\/bip\/wp-content\/uploads\/2022\/08\/Opis-zamowienia-Zalacznik-2.docx.pdf\" target=\"_blank\">PDF<\/a>]<br>Zawiadomienie o wyniku post\u0119powania [<a rel=\"noreferrer noopener\" href=\"https:\/\/korjan.edu.pl\/bip\/wp-content\/uploads\/2022\/11\/Zawiadomienie-o-wyniku-postepowania.pdf\" target=\"_blank\"><strong>PDF<\/strong><\/a>]<\/p>\n\n\n\n<hr class=\"wp-block-separator has-text-color has-dark-gray-color has-alpha-channel-opacity has-dark-gray-background-color has-background is-style-wide\"\/>\n\n\n\n<h3 class=\"wp-block-heading\"><strong>Og\u0142oszenie o wyniku post\u0119powania. Dostawy. Zakup energii cieplnej dla Szko\u0142y Podstawowej nr 16 w Rudzie \u015al\u0105skiej na rok 2022<\/strong><\/h3>\n\n\n\n<p class=\"has-white-color has-medium-pink-background-color has-text-color has-background\">Og\u0142oszenie o wyniku post\u0119powania [<a href=\"https:\/\/korjan.edu.pl\/bip\/wp-content\/uploads\/2021\/12\/ogloszenie-o-udzieleniu-zamowienia-z-wolnej-reki.pdf\" target=\"_blank\" rel=\"noreferrer noopener\">PDF<\/a>]<\/p>\n\n\n\n<hr class=\"wp-block-separator has-text-color has-dark-gray-color has-alpha-channel-opacity has-dark-gray-background-color has-background is-style-wide\"\/>\n\n\n\n<h3 class=\"wp-block-heading\">Og\u0142oszenie o wyniku post\u0119powania Dostawy Zakup wraz z dostaw\u0105 artyku\u0142\u00f3w \u017cywno\u015bciowych (produkt\u00f3w spo\u017cywczych) dla Szko\u0142y Podstawowej nr 16 im. Janusza Korczaka w Rudzie \u015al\u0105skiej<\/h3>\n\n\n\n<p class=\"has-white-color has-medium-pink-background-color has-text-color has-background\">Og\u0142oszenie o wyniku post\u0119powania [<a rel=\"noreferrer noopener\" href=\"https:\/\/korjan.edu.pl\/bip\/wp-content\/uploads\/2021\/12\/ogloszenie-o-wyniku-postepowania.pdf\" target=\"_blank\">PDF<\/a>]<\/p>\n\n\n\n<hr class=\"wp-block-separator has-text-color has-dark-gray-color has-alpha-channel-opacity has-dark-gray-background-color has-background is-style-wide\"\/>\n\n\n\n<h3 class=\"wp-block-heading\">Og\u0142oszenie nr&nbsp;2021\/BZP 00269799\/01 z&nbsp;dnia 2021-11-16 r. Zawiadomienie o wyniku post\u0119powania<\/h3>\n\n\n\n<p class=\"has-white-color has-medium-pink-background-color has-text-color has-background\">Zawiadomienie o wyniku post\u0119powania [<a rel=\"noreferrer noopener\" href=\"https:\/\/korjan.edu.pl\/bip\/wp-content\/uploads\/2021\/12\/zawiadomienie-o-wyniku-postepowania-o-udzielenie-zamowienia-publicznego.pdf\" target=\"_blank\">PDF<\/a>]<\/p>\n\n\n\n<hr class=\"wp-block-separator has-text-color has-dark-gray-color has-alpha-channel-opacity has-dark-gray-background-color has-background is-style-wide\"\/>\n\n\n\n<h3 class=\"wp-block-heading\">Informacja z otwarcia ofert<\/h3>\n\n\n\n<p class=\"has-white-color has-medium-pink-background-color has-text-color has-background\"><a rel=\"noreferrer noopener\" href=\"https:\/\/korjan.edu.pl\/bip\/wp-content\/uploads\/2021\/11\/Informacja-z-otwarcia-ofert.pdf\" target=\"_blank\">Zakup wraz z dostaw\u0105 artyku\u0142\u00f3w \u017cywno\u015bciowych (produkt\u00f3w spo\u017cywczych) dla Szko\u0142y Podstawowej nr 16 im. Janusza Korczaka w Rudzie \u015al\u0105skiej.<\/a><\/p>\n\n\n\n<hr class=\"wp-block-separator has-text-color has-dark-gray-color has-alpha-channel-opacity has-dark-gray-background-color has-background is-style-wide\"\/>\n\n\n\n<h3 class=\"wp-block-heading\">Og\u0142oszenie nr 2021\/BZP 00269799\/01 z dnia 2021-11-16 r.<\/h3>\n\n\n\n<p>Og\u0142oszenie o zam\u00f3wieniu dostawy. <br>Zakup wraz z dostaw\u0105 artyku\u0142\u00f3w \u017cywno\u015bciowych (produkt\u00f3w spo\u017cywczych) dla Szko\u0142y Podstawowej nr 16 im. Janusza Korczaka w Rudzie \u015al\u0105skiej.<\/p>\n\n\n\n<p class=\"has-white-color has-medium-pink-background-color has-text-color has-background\"><strong>Za\u0142\u0105czniki:<\/strong><br>1. Og\u0142oszenie o zam\u00f3wieniu [<a rel=\"noreferrer noopener\" href=\"https:\/\/korjan.edu.pl\/bip\/wp-content\/uploads\/2021\/11\/Ogloszenie-o-zamowieniu.pdf\" target=\"_blank\">PDF<\/a>]<br>2. Opis przedmiotu zam\u00f3wienia [<a href=\"https:\/\/korjan.edu.pl\/bip\/wp-content\/uploads\/2021\/11\/opis-przedmiotu-zamowienia_.pdf\" target=\"_blank\" rel=\"noreferrer noopener\">PDF<\/a>]<br>3. Formularz cenowy [<a rel=\"noreferrer noopener\" href=\"https:\/\/korjan.edu.pl\/bip\/wp-content\/uploads\/2021\/11\/formularz-cenowy.pdf\" target=\"_blank\">PDF<\/a>]<br>4. Formularz ofertowy [<a rel=\"noreferrer noopener\" href=\"https:\/\/korjan.edu.pl\/bip\/wp-content\/uploads\/2021\/11\/formularz-ofertowy-SP16.pdf\" target=\"_blank\">PDF<\/a>]<br>5. O\u015bwiadczenie podmiotu [<a rel=\"noreferrer noopener\" href=\"https:\/\/korjan.edu.pl\/bip\/wp-content\/uploads\/2021\/11\/oswiadczenie-podmiotu.pdf\" target=\"_blank\">PDF<\/a>]<br>6. O\u015bwiadczenie wykonawcy [<a rel=\"noreferrer noopener\" href=\"https:\/\/korjan.edu.pl\/bip\/wp-content\/uploads\/2021\/11\/oswiadczenie-wykonawcy.pdf\" target=\"_blank\">PDF<\/a>]<br>7. Specyfikacja warunk\u00f3w zam\u00f3wienia &#8211; SWZ [<a href=\"https:\/\/korjan.edu.pl\/bip\/wp-content\/uploads\/2021\/11\/SWZ-SP16.pdf\" target=\"_blank\" rel=\"noreferrer noopener\">PDF<\/a>]<br>8. Wz\u00f3r umowy [<a href=\"https:\/\/korjan.edu.pl\/bip\/wp-content\/uploads\/2021\/11\/wzor-umowy.pdf\" target=\"_blank\" rel=\"noreferrer noopener\">PDF<\/a>]<\/p>\n\n\n\n<hr class=\"wp-block-separator has-text-color has-dark-brown-color has-css-opacity has-dark-brown-background-color has-background is-style-wide\"\/>\n\n\n\n<h3 class=\"wp-block-heading\"><strong>Og\u0142oszenie nr 609285-N-2020 z dnia 2020-11-12 r.<\/strong><\/h3>\n\n\n\n<p>Szko\u0142a Podstawowa nr 16: \u201eSukcesywna dostawa artyku\u0142\u00f3w spo\u017cywczych do sto\u0142\u00f3wki szkolnej przy Szkole Podstawowej nr 16 im. Janusza Korczaka w Rudzie \u015al\u0105skiej\u201d<\/p>\n\n\n\n<p class=\"has-white-color has-medium-pink-background-color has-text-color has-background\"><strong>Za\u0142\u0105czniki:<\/strong><br>1. Og\u0142oszenie o zam\u00f3wieniu [<strong><a rel=\"noreferrer noopener\" href=\"https:\/\/korjan.edu.pl\/bip\/wp-content\/uploads\/2020\/11\/Ogloszenie-nr-609285.pdf\" target=\"_blank\">PDF<\/a><\/strong>]<br>2. Pierwsza strona z podpisem [<strong><a rel=\"noreferrer noopener\" href=\"https:\/\/korjan.edu.pl\/bip\/wp-content\/uploads\/2020\/11\/1-strona-z-podpisem.pdf\" target=\"_blank\">PDF<\/a><\/strong>]<br>3. SIWS &#8211; cz\u0119\u015b\u0107 og\u00f3lna [<strong><a rel=\"noreferrer noopener\" href=\"https:\/\/korjan.edu.pl\/bip\/wp-content\/uploads\/2020\/11\/SIWZ-czesc-ogolna-2020-r..pdf\" target=\"_blank\">PDF<\/a><\/strong>]<br>4. Wz\u00f3r umowy [<strong><a rel=\"noreferrer noopener\" href=\"https:\/\/korjan.edu.pl\/bip\/wp-content\/uploads\/2020\/11\/Wzor-umowy-2020-r..pdf\" target=\"_blank\">PDF<\/a><\/strong>]<br>5. Informacja z otwarcia ofert [<a rel=\"noreferrer noopener\" href=\"https:\/\/korjan.edu.pl\/bip\/wp-content\/uploads\/2020\/11\/Informacja-z-otwarcia-ofert.pdf\" target=\"_blank\">PDF<\/a>]<br>6. Zawiadomienie o wyniku post\u0119powania [<a rel=\"noreferrer noopener\" href=\"https:\/\/korjan.edu.pl\/bip\/wp-content\/uploads\/2020\/12\/Zawiadomienie-o-wyniku-postepowania.pdf\" target=\"_blank\">PDF<\/a>]<br>7. Plan post\u0119powa\u0144 o udzielenie zam\u00f3wie\u0144 na rok 2021 [<a href=\"https:\/\/korjan.edu.pl\/bip\/wp-content\/uploads\/2021\/03\/Plan-postepowan-o-udzielenie-zamowien-na-rok-2021.pdf\" target=\"_blank\" rel=\"noreferrer noopener\">PDF<\/a>]<\/p>\n\n\n\n<p><strong>UWAGA:<\/strong> Zam\u00f3wienia publiczne dodane do&nbsp;dnia 31.12.2019 dost\u0119pne s\u0105 w&nbsp;<a href=\"https:\/\/korjan.edu.pl\/bip\/archiwum\/index.php\/zamowienia-publiczne.html\">archiwum<\/a>.<\/p>\n\n\n\n<hr class=\"wp-block-separator has-text-color has-dark-brown-color has-css-opacity has-dark-brown-background-color has-background is-style-wide\"\/>\n","protected":false},"excerpt":{"rendered":"<p>Plan post\u0119powa\u0144 o udzielenie zam\u00f3wie\u0144 Plan post\u0119powa\u0144 o udzielenie zam\u00f3wie\u0144 na 2024 rok [PDF] Og\u0142oszenie o zam\u00f3wieniu: Zakup wraz z dostaw\u0105 artyku\u0142\u00f3w \u017cywno\u015bciowych (produkt\u00f3w spo\u017cywczych) dla Szko\u0142y Podstawowej nr 16 im. Janusza Korczaka w Rudzie \u015al\u0105skiej Og\u0142oszenie o zam\u00f3wieniu [PDF]Specyfikacja warunk\u00f3w zam\u00f3wienia SWZ [docx]Za\u0142\u0105cznik nr 1 [docx]Za\u0142\u0105cznik nr 1A [docx]Za\u0142\u0105cznik nr 2 [docx]Za\u0142\u0105cznik nr 3 &hellip; <a href=\"https:\/\/korjan.edu.pl\/bip\/zamowienia-publiczne\/\" class=\"more-link\">Czytaj dalej <span class=\"screen-reader-text\">Zam\u00f3wienia publiczne<\/span><\/a><\/p>\n","protected":false},"author":2,"featured_media":0,"parent":0,"menu_order":0,"comment_status":"closed","ping_status":"closed","template":"","meta":{"_lmt_disableupdate":"no","_lmt_disable":"no","footnotes":""},"class_list":["post-29","page","type-page","status-publish","hentry"],"_links":{"self":[{"href":"https:\/\/korjan.edu.pl\/bip\/wp-json\/wp\/v2\/pages\/29","targetHints":{"allow":["GET"]}}],"collection":[{"href":"https:\/\/korjan.edu.pl\/bip\/wp-json\/wp\/v2\/pages"}],"about":[{"href":"https:\/\/korjan.edu.pl\/bip\/wp-json\/wp\/v2\/types\/page"}],"author":[{"embeddable":true,"href":"https:\/\/korjan.edu.pl\/bip\/wp-json\/wp\/v2\/users\/2"}],"replies":[{"embeddable":true,"href":"https:\/\/korjan.edu.pl\/bip\/wp-json\/wp\/v2\/comments?post=29"}],"version-history":[{"count":35,"href":"https:\/\/korjan.edu.pl\/bip\/wp-json\/wp\/v2\/pages\/29\/revisions"}],"predecessor-version":[{"id":612,"href":"https:\/\/korjan.edu.pl\/bip\/wp-json\/wp\/v2\/pages\/29\/revisions\/612"}],"wp:attachment":[{"href":"https:\/\/korjan.edu.pl\/bip\/wp-json\/wp\/v2\/media?parent=29"}],"curies":[{"name":"wp","href":"https:\/\/api.w.org\/{rel}","templated":true}]}}