{"id":43,"date":"2020-01-07T13:32:42","date_gmt":"2020-01-07T12:32:42","guid":{"rendered":"https:\/\/korjan.edu.pl\/bip\/?page_id=43"},"modified":"2026-01-29T20:13:38","modified_gmt":"2026-01-29T19:13:38","slug":"kontrole-zewnetrzne","status":"publish","type":"page","link":"https:\/\/korjan.edu.pl\/bip\/kontrole-zewnetrzne\/","title":{"rendered":"Kontrole zewn\u0119trzne"},"content":{"rendered":"\n<p class=\"has-white-color has-medium-pink-background-color has-text-color has-background\"><strong>Kontrole zewn\u0119trzne w Szkole Podstawowej nr 16 im. Janusza Korczaka\u00a0w 2025r.<\/strong> [<a href=\"https:\/\/korjan.edu.pl\/bip\/wp-content\/uploads\/2026\/01\/informacja-o-kontrolach-zewnetrznych-w-2025r.-.pdf\">PDF<\/a>]<\/p>\n\n\n\n<p class=\"has-white-color has-medium-pink-background-color has-text-color has-background\"><strong>Kontrole zewn\u0119trzne w Szkole Podstawowej nr 16 im. Janusza Korczaka&nbsp;w 2024r.<\/strong> [<a href=\"https:\/\/korjan.edu.pl\/bip\/wp-content\/uploads\/2025\/10\/kontrole-zewnetrzne-w-2024r.pdf\">PDF<\/a>]<\/p>\n\n\n\n<p class=\"has-white-color has-medium-pink-background-color has-text-color has-background\"><strong>Kontrole zewn\u0119trzne w Szkole Podstawowej nr 16 im. Janusza Korczaka&nbsp;w 2023r.<\/strong> [<a href=\"https:\/\/korjan.edu.pl\/bip\/wp-content\/uploads\/2024\/01\/Kontrole-zewnetrzne-w-Szkole-Podstawowej-nr-16-im.-Janusza-Korczaka-w-2023r.pdf\">PDF<\/a>]<\/p>\n\n\n\n<p class=\"has-white-color has-medium-pink-background-color has-text-color has-background\"><strong>Kontrole zewn\u0119trzne w Szkole Podstawowej nr 16 im. Janusza Korczaka&nbsp;w 2022r.<\/strong> [<a href=\"https:\/\/korjan.edu.pl\/bip\/wp-content\/uploads\/2024\/01\/Kontrole-zewnetrzne-w-Szkole-Podstawowej-nr-16-im.-Janusza-Korczaka-w-2022r.pdf\">PDF<\/a>]<\/p>\n\n\n\n<p class=\"has-white-color has-medium-pink-background-color has-text-color has-background\"><strong>Kontrole zewn\u0119trzne w Szkole Podstawowej nr 16 im. Janusza Korczaka&nbsp;w 2021r.<\/strong> [<a href=\"https:\/\/korjan.edu.pl\/bip\/wp-content\/uploads\/2024\/01\/Kontrole-zewnetrzne-w-Szkole-Podstawowej-nr-16-im.-Janusza-Korczaka-w-2021r.pdf\">PDF<\/a>]<\/p>\n\n\n\n<p class=\"has-white-color has-medium-pink-background-color has-text-color has-background\"><strong>Kontrole zewn\u0119trzne w Szkole Podstawowej nr 16 im. Janusza Korczaka&nbsp;w 2020r.<\/strong> [<a href=\"https:\/\/korjan.edu.pl\/bip\/wp-content\/uploads\/2021\/03\/KONTROLE-ZEWNETRZNE-W-SZKOLE-PODSTAWOWEJ-NR-16.pdf\" target=\"_blank\" rel=\"noreferrer noopener\">PDF<\/a>]<\/p>\n\n\n\n<p class=\"has-white-color has-medium-pink-background-color has-text-color has-background\"><strong>UWAGA:<\/strong> Informacje na temat kontroli przeprowadzonych do dnia 31.12.2019 wraz z za\u0142\u0105cznikami dost\u0119pne s\u0105 w <a href=\"https:\/\/korjan.edu.pl\/bip\/archiwum\/index.php\/kontrole-zewnetrzne.html\">archiwum<\/a>. <\/p>\n","protected":false},"excerpt":{"rendered":"<p>Kontrole zewn\u0119trzne w Szkole Podstawowej nr 16 im. Janusza Korczaka\u00a0w 2025r. [PDF] Kontrole zewn\u0119trzne w Szkole Podstawowej nr 16 im. Janusza Korczaka&nbsp;w 2024r. [PDF] Kontrole zewn\u0119trzne w Szkole Podstawowej nr 16 im. Janusza Korczaka&nbsp;w 2023r. [PDF] Kontrole zewn\u0119trzne w Szkole Podstawowej nr 16 im. Janusza Korczaka&nbsp;w 2022r. [PDF] Kontrole zewn\u0119trzne w Szkole Podstawowej nr 16 &hellip; <a href=\"https:\/\/korjan.edu.pl\/bip\/kontrole-zewnetrzne\/\" class=\"more-link\">Czytaj dalej <span class=\"screen-reader-text\">Kontrole zewn\u0119trzne<\/span><\/a><\/p>\n","protected":false},"author":2,"featured_media":0,"parent":0,"menu_order":0,"comment_status":"closed","ping_status":"closed","template":"","meta":{"_lmt_disableupdate":"no","_lmt_disable":"no","footnotes":""},"class_list":["post-43","page","type-page","status-publish","hentry"],"_links":{"self":[{"href":"https:\/\/korjan.edu.pl\/bip\/wp-json\/wp\/v2\/pages\/43","targetHints":{"allow":["GET"]}}],"collection":[{"href":"https:\/\/korjan.edu.pl\/bip\/wp-json\/wp\/v2\/pages"}],"about":[{"href":"https:\/\/korjan.edu.pl\/bip\/wp-json\/wp\/v2\/types\/page"}],"author":[{"embeddable":true,"href":"https:\/\/korjan.edu.pl\/bip\/wp-json\/wp\/v2\/users\/2"}],"replies":[{"embeddable":true,"href":"https:\/\/korjan.edu.pl\/bip\/wp-json\/wp\/v2\/comments?post=43"}],"version-history":[{"count":7,"href":"https:\/\/korjan.edu.pl\/bip\/wp-json\/wp\/v2\/pages\/43\/revisions"}],"predecessor-version":[{"id":733,"href":"https:\/\/korjan.edu.pl\/bip\/wp-json\/wp\/v2\/pages\/43\/revisions\/733"}],"wp:attachment":[{"href":"https:\/\/korjan.edu.pl\/bip\/wp-json\/wp\/v2\/media?parent=43"}],"curies":[{"name":"wp","href":"https:\/\/api.w.org\/{rel}","templated":true}]}}