{"id":50,"date":"2020-01-07T13:34:18","date_gmt":"2020-01-07T12:34:18","guid":{"rendered":"https:\/\/korjan.edu.pl\/bip\/?page_id=50"},"modified":"2020-01-07T14:32:43","modified_gmt":"2020-01-07T13:32:43","slug":"jak-korzystac-z-bip","status":"publish","type":"page","link":"https:\/\/korjan.edu.pl\/bip\/jak-korzystac-z-bip\/","title":{"rendered":"Jak korzysta\u0107 z BIP"},"content":{"rendered":"\n<p><strong>Informacje o BIP\u00a0\u00a0<\/strong><\/p>\n\n\n\n<p>Biuletyn Informacji Publicznej zosta\u0142 stworzony w celu powszechnego udost\u0119pniania informacji publicznej w postaci elektronicznej strony www. Na stronie BIP opublikowane s\u0105 artyku\u0142y usystematyzowane wg &#8222;Menu Podmiotowego&#8221; oraz &#8222;Przedmiotowego&#8221;.<\/p>\n\n\n\n<p>Dost\u0119p do BIP mo\u017cliwy jest przez:<\/p>\n\n\n\n<ul class=\"wp-block-list\"><li>wpisanie do przegl\u0105darki internetowej adresu<strong>&nbsp;bipinfo.pl<\/strong><\/li><li>przej\u015bcie ze strony g\u0142\u00f3wnej BIP:&nbsp;<a href=\"http:\/\/bip.gov.pl\/\">bip.gov.pl<\/a><\/li><\/ul>\n\n\n\n<hr class=\"wp-block-separator\"\/>\n\n\n\n<p><strong>Nawigacja po stronie BIP<\/strong><\/p>\n\n\n\n<p>Nawigacja na stronach Biuletynu Informacji Publicznej odbywa si\u0119 za po\u015brednictwem aktywnego \u201eMenu\u201d. Klikaj\u0105c w jeden z aktywnych odno\u015bnik\u00f3w \u201eMenu przedmiotowego\u201d, \u201eMenu Podmiotowego\u201d b\u0105d\u017a &#8222;Menu G\u00f3rnego&#8221; u\u017cytkownik przechodzi do poszczeg\u00f3lnych kategorii przypisanych do wskazanego elementu \u201eMenu\u201d. Na podobnych zasadach odbywa si\u0119 przemieszczanie po artyku\u0142ach zawartych w poszczeg\u00f3lnych kategoriach. &#8222;Wyszukiwarka&#8221; BIP jest elementem strony umo\u017cliwiaj\u0105cym wyszukiwanie tre\u015bci merytorycznej biuletynu czyli tekstu znajduj\u0105cego si\u0119 na stronie. Umo\u017cliwia ona r\u00f3wnie\u017c wyszukiwanie tekstu w wszystkich plikach zamieszczonych na stronie. Je\u017celi system odnajdzie w bazach szukane s\u0142owo lub fraz\u0119 wy\u015bwietli tytu\u0142 artyku\u0142u\/dokumentu i fragment tre\u015bci oraz przyporz\u0105dkowanie artyku\u0142u\/dokumentu do w\u0142a\u015bciwej sekcji\/kategorii. Element &#8222;najcz\u0119\u015bciej czytane&#8221; pozwala u\u017cytkownikowi przej\u015b\u0107 w szybki spos\u00f3b do informacji kt\u00f3re s\u0105 najcz\u0119\u015bciej czytane na stronie przez odwiedzaj\u0105cych BIP. Klikaj\u0105c w tytu\u0142 artyku\u0142u\/dokumentu u\u017cytkownik zostanie przeniesiony do w\u0142a\u015bciwego miejsca na stronie. Na stron\u0119 g\u0142\u00f3wn\u0105 Biuletynu u\u017cytkownik przenosi si\u0119 przez odno\u015bnik \u201eStrona g\u0142\u00f3wna\u201d &#8211; dost\u0119pny z ka\u017cdego poziomu Biuletynu. Na stron\u0119 g\u0142\u00f3wn\u0105 Biuletynu u\u017cytkownik przenosi si\u0119 poprzez odno\u015bnik zawarty w logo BIP<\/p>\n\n\n\n<p><strong>Menu strony<\/strong><\/p>\n\n\n\n<ul class=\"wp-block-list\"><li>menu przedmiotowe &#8211; znajduje si\u0119 po lewej cz\u0119\u015bci strony jako pierwsze dost\u0119pne menu od g\u00f3ry<\/li><li>menu podmiotowe &#8211; znajduje si\u0119 po lewej cz\u0119\u015bci strony jako tuz pod menu przedmiotowym<\/li><li>menu g\u00f3rne &#8211; znajduj\u0119 si\u0119 w g\u00f3rnej cz\u0119\u015bci strony<\/li><\/ul>\n\n\n\n<p><strong>Elementy strony<\/strong><\/p>\n\n\n\n<ul class=\"wp-block-list\"><li>wyszukiwarka &#8211; znajduj\u0119 si\u0119 po prawej cz\u0119\u015bci strony<\/li><li>najcz\u0119\u015bciej czytane &#8211; znajduj\u0119 si\u0119 po prawej cz\u0119\u015bci strony tu\u017c pod wyszukiwark\u0105<\/li><\/ul>\n\n\n\n<hr class=\"wp-block-separator\"\/>\n\n\n\n<p>W przypadku gdy informacje s\u0105 udost\u0119pniane w postaci oddzielnych plik\u00f3w w formacie MS Office (*.doc), Adobe Acrobat (*pdf), Open Office (*odt) lub spakowanych archiw\u00f3w z rozszerzeniem (*zip) jako publikacje z\u0142o\u017cone s\u0105 umieszczane w tabeli poni\u017cej danego artyku\u0142u z mo\u017cliwo\u015bci\u0105 pobrania dokument\u00f3w lub pod wskazanym adresem.<\/p>\n","protected":false},"excerpt":{"rendered":"<p>Informacje o BIP\u00a0\u00a0 Biuletyn Informacji Publicznej zosta\u0142 stworzony w celu powszechnego udost\u0119pniania informacji publicznej w postaci elektronicznej strony www. Na stronie BIP opublikowane s\u0105 artyku\u0142y usystematyzowane wg &#8222;Menu Podmiotowego&#8221; oraz &#8222;Przedmiotowego&#8221;. Dost\u0119p do BIP mo\u017cliwy jest przez: wpisanie do przegl\u0105darki internetowej adresu&nbsp;bipinfo.pl przej\u015bcie ze strony g\u0142\u00f3wnej BIP:&nbsp;bip.gov.pl Nawigacja po stronie BIP Nawigacja na stronach Biuletynu &hellip; <a href=\"https:\/\/korjan.edu.pl\/bip\/jak-korzystac-z-bip\/\" class=\"more-link\">Czytaj dalej <span class=\"screen-reader-text\">Jak korzysta\u0107 z BIP<\/span><\/a><\/p>\n","protected":false},"author":2,"featured_media":0,"parent":0,"menu_order":0,"comment_status":"closed","ping_status":"closed","template":"","meta":{"_lmt_disableupdate":"no","_lmt_disable":"","footnotes":""},"class_list":["post-50","page","type-page","status-publish","hentry"],"_links":{"self":[{"href":"https:\/\/korjan.edu.pl\/bip\/wp-json\/wp\/v2\/pages\/50","targetHints":{"allow":["GET"]}}],"collection":[{"href":"https:\/\/korjan.edu.pl\/bip\/wp-json\/wp\/v2\/pages"}],"about":[{"href":"https:\/\/korjan.edu.pl\/bip\/wp-json\/wp\/v2\/types\/page"}],"author":[{"embeddable":true,"href":"https:\/\/korjan.edu.pl\/bip\/wp-json\/wp\/v2\/users\/2"}],"replies":[{"embeddable":true,"href":"https:\/\/korjan.edu.pl\/bip\/wp-json\/wp\/v2\/comments?post=50"}],"version-history":[{"count":2,"href":"https:\/\/korjan.edu.pl\/bip\/wp-json\/wp\/v2\/pages\/50\/revisions"}],"predecessor-version":[{"id":91,"href":"https:\/\/korjan.edu.pl\/bip\/wp-json\/wp\/v2\/pages\/50\/revisions\/91"}],"wp:attachment":[{"href":"https:\/\/korjan.edu.pl\/bip\/wp-json\/wp\/v2\/media?parent=50"}],"curies":[{"name":"wp","href":"https:\/\/api.w.org\/{rel}","templated":true}]}}